{"id":4072,"date":"2025-08-06T08:53:46","date_gmt":"2025-08-06T08:53:46","guid":{"rendered":"https:\/\/www.termesmontbrio.com\/?page_id=4072"},"modified":"2025-08-26T09:28:35","modified_gmt":"2025-08-26T09:28:35","slug":"hotel-pet-friendly-catalunya","status":"publish","type":"page","link":"https:\/\/www.termesmontbrio.com\/ca\/hotel-pet-friendly-catalunya\/","title":{"rendered":"Hotel Pet Friendly Tarragona, Catalunya"},"content":{"rendered":"\n\t<section class=\"section\" id=\"section_1489342765\">\n\t\t<div class=\"section-bg fill\" >\n\t\t\t\t\t\t\t\t\t<div class=\"section-bg-overlay absolute fill\"><\/div>\n\t\t\t\n\n\t\t<\/div>\n\n\t\t\n\n\t\t<div class=\"section-content relative\">\n\t\t\t\n<div class=\"row row-large align-middle\"  id=\"row-1767596098\">\n\n\t<div id=\"col-187179282\" class=\"col medium-6 small-12 large-6\"  >\n\t\t\t\t<div class=\"col-inner text-left\"  >\n\t\t\t\n\t\t\t\n\t<div id=\"gap-518919383\" class=\"gap-element clearfix\" style=\"display:block; height:auto;\">\n\t\t\n<style>\n#gap-518919383 {\n  padding-top: 10px;\n}\n<\/style>\n\t<\/div>\n\t\n\t<div id=\"text-1576841456\" class=\"text nomargin\">\n\t\t\n<h1 data-line-height=\"m\">Hotel Pet Friendly a Tarragona, Catalunya<\/h1>\n\t\t\n<style>\n#text-1576841456 {\n  color: rgb(0,0,0);\n}\n#text-1576841456 > * {\n  color: rgb(0,0,0);\n}\n<\/style>\n\t<\/div>\n\t\n\t<div id=\"gap-461124130\" class=\"gap-element clearfix\" style=\"display:block; height:auto;\">\n\t\t\n<style>\n#gap-461124130 {\n  padding-top: 10px;\n}\n@media (min-width:550px) {\n  #gap-461124130 {\n    padding-top: 30px;\n  }\n}\n<\/style>\n\t<\/div>\n\t\n\t<div id=\"text-3213526862\" class=\"text\">\n\t\t\n<p>Benvinguts a <strong>l&#8217;Hotel Termes Montbri\u00f3<\/strong>! Al nostre <strong>hotel pet friendly a Tarragona<\/strong>, <strong>Catalunya<\/strong> ens enorgulleix acollir tant els nostres hostes com els seus fidels companys de quatre potes. Sabem que la teva mascota \u00e9s part de la teva fam\u00edlia, i per aix\u00f2 hem creat un espai acollidor on tothom pugui gaudir d\u2019una experi\u00e8ncia inoblidable a Montbri\u00f3 del Camp. <\/p>\n<p><strong>Preu:<\/strong> 18 \u20ac per nit i mascota (inclou neteja, abeurador i llit per a la mascota).<\/p>\n\t\t\n<style>\n#text-3213526862 {\n  font-size: 1.3rem;\n  line-height: 1.4;\n}\n<\/style>\n\t<\/div>\n\t\n\t<div id=\"gap-1168375097\" class=\"gap-element clearfix\" style=\"display:block; height:auto;\">\n\t\t\n<style>\n#gap-1168375097 {\n  padding-top: 0px;\n}\n@media (min-width:550px) {\n  #gap-1168375097 {\n    padding-top: 0px;\n  }\n}\n<\/style>\n\t<\/div>\n\t\n\t\t<\/div>\n\t\t\t\t\t<\/div>\n\n\t\n\n\t<div id=\"col-469546298\" class=\"col medium-6 small-12 large-6 small-col-first\"  >\n\t\t\t\t<div class=\"col-inner\"  >\n\t\t\t\n\t\t\t\n<div class=\"slider-wrapper relative\" id=\"slider-2078480145\" >\n    <div class=\"slider slider-nav-dots-dashes-spaced slider-nav-simple slider-nav-large slider-nav-dark slider-style-normal\"\n        data-flickity-options='{\n            \"cellAlign\": \"center\",\n            \"imagesLoaded\": true,\n            \"lazyLoad\": 1,\n            \"freeScroll\": false,\n            \"wrapAround\": true,\n            \"autoPlay\": 4000,\n            \"pauseAutoPlayOnHover\" : true,\n            \"prevNextButtons\": false,\n            \"contain\" : true,\n            \"adaptiveHeight\" : true,\n            \"dragThreshold\" : 10,\n            \"percentPosition\": true,\n            \"pageDots\": true,\n            \"rightToLeft\": false,\n            \"draggable\": true,\n            \"selectedAttraction\": 0.1,\n            \"parallax\" : 0,\n            \"friction\": 0.6        }'\n        >\n        \n\t<div class=\"img has-hover x md-x lg-x y md-y lg-y\" id=\"image_1646439411\">\n\t\t\t\t\t\t\t\t<div class=\"img-inner image-cover dark\" style=\"padding-top:100%;\">\n\t\t\t<img decoding=\"async\" width=\"1020\" height=\"680\" src=\"https:\/\/www.termesmontbrio.com\/wp-content\/uploads\/2025\/08\/HOTEL-TERMES-DE-MONTBRIO_PET-FRIENDLY-TARRAGONA.webp\" class=\"attachment-large size-large\" alt=\"HOTEL TERMES DE MONTBRIO PET FRIENDLY TARRAGONA\" srcset=\"https:\/\/www.termesmontbrio.com\/wp-content\/uploads\/2025\/08\/HOTEL-TERMES-DE-MONTBRIO_PET-FRIENDLY-TARRAGONA.webp 1024w, https:\/\/www.termesmontbrio.com\/wp-content\/uploads\/2025\/08\/HOTEL-TERMES-DE-MONTBRIO_PET-FRIENDLY-TARRAGONA-300x200.webp 300w, https:\/\/www.termesmontbrio.com\/wp-content\/uploads\/2025\/08\/HOTEL-TERMES-DE-MONTBRIO_PET-FRIENDLY-TARRAGONA-768x512.webp 768w\" sizes=\"(max-width: 1020px) 100vw, 1020px\" \/>\t\t\t\t\t\t\n\t\t\t\t\t<\/div>\n\t\t\t\t\t\t\t\t\n<style>\n#image_1646439411 {\n  width: 100%;\n}\n<\/style>\n\t<\/div>\n\t\n\t<div class=\"img has-hover x md-x lg-x y md-y lg-y\" id=\"image_1281112714\">\n\t\t\t\t\t\t\t\t<div class=\"img-inner image-cover dark\" style=\"padding-top:100%;\">\n\t\t\t<img decoding=\"async\" width=\"900\" height=\"766\" src=\"https:\/\/www.termesmontbrio.com\/wp-content\/uploads\/2025\/08\/hotel-pet-friendly-montbrio-del-camp.webp\" class=\"attachment-large size-large\" alt=\"hotel pet friendly montbrio del camp\" srcset=\"https:\/\/www.termesmontbrio.com\/wp-content\/uploads\/2025\/08\/hotel-pet-friendly-montbrio-del-camp.webp 900w, https:\/\/www.termesmontbrio.com\/wp-content\/uploads\/2025\/08\/hotel-pet-friendly-montbrio-del-camp-300x255.webp 300w, https:\/\/www.termesmontbrio.com\/wp-content\/uploads\/2025\/08\/hotel-pet-friendly-montbrio-del-camp-768x654.webp 768w\" sizes=\"(max-width: 900px) 100vw, 900px\" \/>\t\t\t\t\t\t\n\t\t\t\t\t<\/div>\n\t\t\t\t\t\t\t\t\n<style>\n#image_1281112714 {\n  width: 100%;\n}\n<\/style>\n\t<\/div>\n\t\n\t<div class=\"img has-hover x md-x lg-x y md-y lg-y\" id=\"image_1844682005\">\n\t\t\t\t\t\t\t\t<div class=\"img-inner image-cover dark\" style=\"padding-top:100%;\">\n\t\t\t<img decoding=\"async\" width=\"1020\" height=\"679\" src=\"https:\/\/www.termesmontbrio.com\/wp-content\/uploads\/2024\/05\/Hotel-Termes-montbrio-balneario-centro-termal-tarragona-catalunya-38-1024x682.webp\" class=\"attachment-large size-large\" alt=\"Hotel Termes montbrio balneario centro termal tarragona catalunya ()\" srcset=\"https:\/\/www.termesmontbrio.com\/wp-content\/uploads\/2024\/05\/Hotel-Termes-montbrio-balneario-centro-termal-tarragona-catalunya-38-1024x682.webp 1024w, https:\/\/www.termesmontbrio.com\/wp-content\/uploads\/2024\/05\/Hotel-Termes-montbrio-balneario-centro-termal-tarragona-catalunya-38-300x200.webp 300w, https:\/\/www.termesmontbrio.com\/wp-content\/uploads\/2024\/05\/Hotel-Termes-montbrio-balneario-centro-termal-tarragona-catalunya-38-768x512.webp 768w, https:\/\/www.termesmontbrio.com\/wp-content\/uploads\/2024\/05\/Hotel-Termes-montbrio-balneario-centro-termal-tarragona-catalunya-38.webp 1385w\" sizes=\"(max-width: 1020px) 100vw, 1020px\" \/>\t\t\t\t\t\t\n\t\t\t\t\t<\/div>\n\t\t\t\t\t\t\t\t\n<style>\n#image_1844682005 {\n  width: 100%;\n}\n<\/style>\n\t<\/div>\n\t\n\t<div class=\"img has-hover x md-x lg-x y md-y lg-y\" id=\"image_1604883729\">\n\t\t\t\t\t\t\t\t<div class=\"img-inner image-cover dark\" style=\"padding-top:100%;\">\n\t\t\t<img decoding=\"async\" width=\"1000\" height=\"666\" src=\"https:\/\/www.termesmontbrio.com\/wp-content\/uploads\/2024\/02\/Triple-Superior-Termes-Montbrio.webp\" class=\"attachment-large size-large\" alt=\"Triple Superior Termes Montbrio\" srcset=\"https:\/\/www.termesmontbrio.com\/wp-content\/uploads\/2024\/02\/Triple-Superior-Termes-Montbrio.webp 1000w, https:\/\/www.termesmontbrio.com\/wp-content\/uploads\/2024\/02\/Triple-Superior-Termes-Montbrio-300x200.webp 300w, https:\/\/www.termesmontbrio.com\/wp-content\/uploads\/2024\/02\/Triple-Superior-Termes-Montbrio-768x511.webp 768w\" sizes=\"(max-width: 1000px) 100vw, 1000px\" \/>\t\t\t\t\t\t\n\t\t\t\t\t<\/div>\n\t\t\t\t\t\t\t\t\n<style>\n#image_1604883729 {\n  width: 100%;\n}\n<\/style>\n\t<\/div>\n\t\n\t<div class=\"img has-hover x md-x lg-x y md-y lg-y\" id=\"image_859117334\">\n\t\t\t\t\t\t\t\t<div class=\"img-inner image-cover dark\" style=\"padding-top:100%;\">\n\t\t\t<img decoding=\"async\" width=\"1020\" height=\"680\" src=\"https:\/\/www.termesmontbrio.com\/wp-content\/uploads\/2025\/08\/PET-FRIENDLY-HOTEL-CATALUNYA-TERMES-DE-MONTBRIO.webp\" class=\"attachment-large size-large\" alt=\"PET FRIENDLY HOTEL CATALUNYA TERMES DE MONTBRIO\" srcset=\"https:\/\/www.termesmontbrio.com\/wp-content\/uploads\/2025\/08\/PET-FRIENDLY-HOTEL-CATALUNYA-TERMES-DE-MONTBRIO.webp 1024w, https:\/\/www.termesmontbrio.com\/wp-content\/uploads\/2025\/08\/PET-FRIENDLY-HOTEL-CATALUNYA-TERMES-DE-MONTBRIO-300x200.webp 300w, https:\/\/www.termesmontbrio.com\/wp-content\/uploads\/2025\/08\/PET-FRIENDLY-HOTEL-CATALUNYA-TERMES-DE-MONTBRIO-768x512.webp 768w\" sizes=\"(max-width: 1020px) 100vw, 1020px\" \/>\t\t\t\t\t\t\n\t\t\t\t\t<\/div>\n\t\t\t\t\t\t\t\t\n<style>\n#image_859117334 {\n  width: 100%;\n}\n<\/style>\n\t<\/div>\n\t\n     <\/div>\n\n     <div class=\"loading-spin dark large centered\"><\/div>\n\n\t<\/div>\n\n\n\t\t<\/div>\n\t\t\t\t\t<\/div>\n\n\t\n\n<style>\n#row-1767596098 > .col > .col-inner {\n  padding: 0px 0px 0px 0px;\n}\n@media (min-width:550px) {\n  #row-1767596098 > .col > .col-inner {\n    padding: 60px 0px 0px 0px;\n  }\n}\n<\/style>\n<\/div>\n\t\t<\/div>\n\n\t\t\n<style>\n#section_1489342765 {\n  padding-top: 0px;\n  padding-bottom: 0px;\n  background-color: rgb(193, 193, 193);\n}\n#section_1489342765 .section-bg-overlay {\n  background-color: rgba(255, 255, 255, 0.85);\n}\n<\/style>\n\t<\/section>\n\t\n\n\t<section class=\"section\" id=\"section_1070921100\">\n\t\t<div class=\"section-bg fill\" >\n\t\t\t\t\t\t\t\t\t<div class=\"section-bg-overlay absolute fill\"><\/div>\n\t\t\t\n\n\t\t<\/div>\n\n\t\t\n\n\t\t<div class=\"section-content relative\">\n\t\t\t\n<div class=\"row row-large align-middle align-center\"  id=\"row-158014180\">\n\n\t<div id=\"col-494097577\" class=\"col small-12 large-12\"  >\n\t\t\t\t<div class=\"col-inner\"  >\n\t\t\t\n\t\t\t\n\t<div id=\"text-2491967497\" class=\"text\">\n\t\t\n<h2>Pautes per a una estada perfecta a Termes Montbri\u00f3, hotel pet friendly a Tarragona, Catalunya.<\/h2>\n\t\t\n<style>\n#text-2491967497 {\n  text-align: left;\n}\n<\/style>\n\t<\/div>\n\t\n\t<div id=\"gap-572895461\" class=\"gap-element clearfix\" style=\"display:block; height:auto;\">\n\t\t\n<style>\n#gap-572895461 {\n  padding-top: 20px;\n}\n<\/style>\n\t<\/div>\n\t\n<h3><strong>1. Respectem la tranquil\u00b7litat de tothom<\/strong><\/h3>\n<p>\u00c9s important que la teva mascota no alteri el descans dels hostes de les habitacions ve\u00efnes. La conviv\u00e8ncia tranquil\u00b7la \u00e9s la nostra prioritat. <\/p>\n<h3><strong>2. Sempre junts i amb corretja<\/strong><\/h3>\n<p>Per al benestar de tothom, quan passeges amb la teva mascota per l\u2019hotel o el jard\u00ed, \u00e9s imprescindible que vagi sempre lligada. Aix\u00ed, tothom estar\u00e0 tranquil i segur. <\/p>\n<h3><strong>3. El llit, per a tu<br \/><\/strong><\/h3>\n<p>Sabem que la teva mascota necessita un rac\u00f3 especial per descansar.<\/p>\n<ul>\n<li><strong>Si ens ho indiques durant la reserva<\/strong>, trobar\u00e0s a la teva habitaci\u00f3 <strong>un llit i un abeurador per a la teva mascota, sense cap cost addicional<\/strong>.<\/li>\n<li>Acceptem mascotes de <strong>totes les mides i pesos<\/strong>: totes s\u00f3n benvingudes!<\/li>\n<li>Et demanem que el teu company pelut no utilitzi la roba de llit ni les tovalloles. Si necessites res m\u00e9s, contacta amb recepci\u00f3: estem aqu\u00ed per ajudar-te. <\/li>\n<\/ul>\n<h3><strong>4. Espais compartits al nostre hotel pet friendly Termes Montbri\u00f3<\/strong><\/h3>\n<ul>\n<li>Pots passar temps amb la teva mascota al hall de l\u2019hotel.<\/li>\n<li>Al restaurant Horta Florida us oferim opcions perqu\u00e8 compartiu moments inoblidables durant els \u00e0pats.<\/li>\n<li>A la zona de cafeteria, tamb\u00e9 podem preparar-vos una taula (segons disponibilitat).<\/li>\n<li>Si tens l\u2019esmorzar bufet incl\u00f2s, podr\u00e0s gaudir-lo al costat del teu fidel amic.<\/li>\n<li>Durant els mesos d\u2019estiu, podr\u00e0s prendre el sol a la gespa de la piscina exterior amb la teva mascota.<\/li>\n<li>Recorda: l\u2019Aquatonic i el Centre Termal s\u00f3n espais exclusius per a persones.<\/li>\n<\/ul>\n<h3><strong>5. Informaci\u00f3 sobre el cost<\/strong><\/h3>\n<p>El cost per mascota \u00e9s de <strong>18 \u20ac al d\u00eda<\/strong>. Aquesta tarifa garanteix que puguem oferir-te el millor servei i tots els elements necessaris perqu\u00e8 el teu amic pelut gaudeixi d\u2019una estada c\u00f2moda. <\/p>\n<p>Cuidem tots els detalls perqu\u00e8 la teva estada sigui perfecta, per\u00f2 <strong>qualsevol incident o desperfecte ocasionat per no seguir aquestes indicacions podria comportar un cost addicional<\/strong>.<\/p>\n\t\t<\/div>\n\t\t\t\t\t<\/div>\n\n\t\n<\/div>\n<div class=\"row align-center\"  id=\"row-1672413058\">\n\n\t<div id=\"col-1771494291\" class=\"col medium-7 small-12 large-7\"  >\n\t\t\t\t<div class=\"col-inner text-center\" style=\"background-color:#356d91;\" >\n\t\t\t\n\t\t\t\n\t<div id=\"text-1431450143\" class=\"text nomargin\">\n\t\t\n<h2>Gaudeix amb la teva mascota al Termes Montbri\u00f3<\/h2>\n\t\t\n<style>\n#text-1431450143 {\n  color: rgb(255,255,255);\n}\n#text-1431450143 > * {\n  color: rgb(255,255,255);\n}\n<\/style>\n\t<\/div>\n\t\n\t<div id=\"gap-1308241963\" class=\"gap-element clearfix\" style=\"display:block; height:auto;\">\n\t\t\n<style>\n#gap-1308241963 {\n  padding-top: 15px;\n}\n<\/style>\n\t<\/div>\n\t\n\t<div id=\"text-1046274430\" class=\"text\">\n\t\t\n<p style=\"text-align: center;\"><span style=\"font-size: 120%;\">A l\u2019Hotel Termes Montbri\u00f3 estem encantats d\u2019acollir-te amb el teu millor amic pelut. El nostre objectiu \u00e9s fer que la teva estada en <b>Montbri\u00f3 del Camp<\/b> sea inoblidable per a tota la fam\u00edlia. <br \/><\/span><\/p>\n<p>Per a m\u00e9s informaci\u00f3, no dubtis a trucar-nos al <strong>977 814 000<\/strong> o a escriure\u2019ns a <strong>hoteltermes@rocblanchotels.com.<\/strong><\/p>\n\t\t\n<style>\n#text-1046274430 {\n  color: rgb(255,255,255);\n}\n#text-1046274430 > * {\n  color: rgb(255,255,255);\n}\n<\/style>\n\t<\/div>\n\t\n\t\t<\/div>\n\t\t\t\t\n<style>\n#col-1771494291 > .col-inner {\n  padding: 30px 30px 30px 30px;\n}\n<\/style>\n\t<\/div>\n\n\t\n<\/div>\n\t\t<\/div>\n\n\t\t\n<style>\n#section_1070921100 {\n  padding-top: 20px;\n  padding-bottom: 20px;\n  background-color: rgb(193, 193, 193);\n}\n#section_1070921100 .section-bg-overlay {\n  background-color: rgba(255, 255, 255, 0.85);\n}\n<\/style>\n\t<\/section>\n\t\n\n\t<section class=\"section\" id=\"section_653867343\">\n\t\t<div class=\"section-bg fill\" >\n\t\t\t\t\t\t\t\t\t<div class=\"section-bg-overlay absolute fill\"><\/div>\n\t\t\t\n\n\t\t<\/div>\n\n\t\t\n\n\t\t<div class=\"section-content relative\">\n\t\t\t\n<div class=\"row row-large align-middle\"  id=\"row-1582169373\">\n\n\t<div id=\"col-734637329\" class=\"col medium-6 small-12 large-6\"  >\n\t\t\t\t<div class=\"col-inner\"  >\n\t\t\t\n\t\t\t\n\t<div class=\"img has-hover x md-x lg-x y md-y lg-y\" id=\"image_1927835955\">\n\t\t\t\t\t\t\t\t<div class=\"img-inner image-cover dark\" style=\"padding-top:120%;\">\n\t\t\t<img decoding=\"async\" width=\"683\" height=\"1024\" src=\"https:\/\/www.termesmontbrio.com\/wp-content\/uploads\/2025\/08\/HOTEL-TERMES-DE-MONTBRIO_PET-FRIENDLY.webp\" class=\"attachment-large size-large\" alt=\"HOTEL TERMES DE MONTBRIO PET FRIENDLY\" srcset=\"https:\/\/www.termesmontbrio.com\/wp-content\/uploads\/2025\/08\/HOTEL-TERMES-DE-MONTBRIO_PET-FRIENDLY.webp 683w, https:\/\/www.termesmontbrio.com\/wp-content\/uploads\/2025\/08\/HOTEL-TERMES-DE-MONTBRIO_PET-FRIENDLY-200x300.webp 200w\" sizes=\"(max-width: 683px) 100vw, 683px\" \/>\t\t\t\t\t\t\n\t\t\t\t\t<\/div>\n\t\t\t\t\t\t\t\t\n<style>\n#image_1927835955 {\n  width: 100%;\n}\n<\/style>\n\t<\/div>\n\t\n\t\t<\/div>\n\t\t\t\t\t<\/div>\n\n\t\n\n\t<div id=\"col-1947208538\" class=\"col medium-6 small-12 large-6\"  >\n\t\t\t\t<div class=\"col-inner text-left\"  >\n\t\t\t\n\t\t\t\n\t<div id=\"gap-1256368324\" class=\"gap-element clearfix\" style=\"display:block; height:auto;\">\n\t\t\n<style>\n#gap-1256368324 {\n  padding-top: 10px;\n}\n<\/style>\n\t<\/div>\n\t\n\t<div id=\"gap-716006290\" class=\"gap-element clearfix\" style=\"display:block; height:auto;\">\n\t\t\n<style>\n#gap-716006290 {\n  padding-top: 10px;\n}\n<\/style>\n\t<\/div>\n\t\n\t<div id=\"text-1753554\" class=\"text nomargin\">\n\t\t\n<h2>Condicions<\/h2>\n\t\t\n<style>\n#text-1753554 {\n  color: rgb(0,0,0);\n}\n#text-1753554 > * {\n  color: rgb(0,0,0);\n}\n<\/style>\n\t<\/div>\n\t\n\t<div id=\"gap-1559329505\" class=\"gap-element clearfix\" style=\"display:block; height:auto;\">\n\t\t\n<style>\n#gap-1559329505 {\n  padding-top: 10px;\n}\n<\/style>\n\t<\/div>\n\t\n\t<div id=\"text-1400783301\" class=\"text\">\n\t\t\n<ul>\n<li>Nom\u00e9s acceptem mascotes a les habitacions superiors.<\/li>\n<li>El servei de neteja no es podr\u00e0 realitzar mentre hi hagi mascotes a l\u2019habitaci\u00f3.<\/li>\n<li>Les mascotes poden accedir a la nostra cafeteria, a la sala d\u2019esmorzars, al restaurant Horta Florida, al jard\u00ed rom\u00e0ntic i a la gespa de la piscina d\u2019estiu.<\/li>\n<li>Qualsevol dany, trencament o brut\u00edcia ocasionada per la mascota podria generar un c\u00e0rrec addicional.<\/li>\n<\/ul>\n\t\t\n<style>\n#text-1400783301 {\n  font-size: 1.3rem;\n  line-height: 1.4;\n}\n<\/style>\n\t<\/div>\n\t\n\t<div id=\"gap-235105372\" class=\"gap-element clearfix\" style=\"display:block; height:auto;\">\n\t\t\n<style>\n#gap-235105372 {\n  padding-top: 30px;\n}\n@media (min-width:550px) {\n  #gap-235105372 {\n    padding-top: 0px;\n  }\n}\n<\/style>\n\t<\/div>\n\t\n\t\t<\/div>\n\t\t\t\t\t<\/div>\n\n\t\n\n<style>\n#row-1582169373 > .col > .col-inner {\n  padding: 0px 0px 0px 0px;\n}\n@media (min-width:550px) {\n  #row-1582169373 > .col > .col-inner {\n    padding: 20px 0px 0px 0px;\n  }\n}\n<\/style>\n<\/div>\n\t\t<\/div>\n\n\t\t\n<style>\n#section_653867343 {\n  padding-top: 0px;\n  padding-bottom: 0px;\n  background-color: rgb(193, 193, 193);\n}\n#section_653867343 .section-bg-overlay {\n  background-color: rgba(255, 255, 255, 0.85);\n}\n<\/style>\n\t<\/section>\n\t\n","protected":false},"excerpt":{"rendered":"","protected":false},"author":5,"featured_media":4067,"parent":0,"menu_order":0,"comment_status":"closed","ping_status":"closed","template":"page-blank.php","meta":{"footnotes":""},"class_list":["post-4072","page","type-page","status-publish","has-post-thumbnail","hentry"],"yoast_head":"<!-- This site is optimized with the Yoast SEO plugin v27.2 - https:\/\/yoast.com\/product\/yoast-seo-wordpress\/ -->\n<title>Hotel Pet Friendly Tarragona, Catalunya | Hotel Termes Montbri\u00f3<\/title>\n<meta name=\"description\" content=\"Descobreix Termes Montbri\u00f3, un hotel pet friendly a Tarragona, Catalunya amb spa, jardins i tot el confort per viure moments \u00fanics amb la teva mascota.\" \/>\n<meta name=\"robots\" content=\"index, follow, max-snippet:-1, max-image-preview:large, max-video-preview:-1\" \/>\n<link rel=\"canonical\" href=\"https:\/\/www.termesmontbrio.com\/ca\/hotel-pet-friendly-catalunya\/\" \/>\n<meta property=\"og:locale\" content=\"ca_ES\" \/>\n<meta property=\"og:type\" content=\"article\" \/>\n<meta property=\"og:title\" content=\"Hotel Pet Friendly Tarragona, Catalunya | Hotel Termes Montbri\u00f3\" \/>\n<meta property=\"og:description\" content=\"Descobreix Termes Montbri\u00f3, un hotel pet friendly a Tarragona, Catalunya amb spa, jardins i tot el confort per viure moments \u00fanics amb la teva mascota.\" \/>\n<meta property=\"og:url\" content=\"https:\/\/www.termesmontbrio.com\/ca\/hotel-pet-friendly-catalunya\/\" \/>\n<meta property=\"og:site_name\" content=\"Hotel Termes Montbri\u00f3\" \/>\n<meta property=\"article:modified_time\" content=\"2025-08-26T09:28:35+00:00\" \/>\n<meta property=\"og:image\" content=\"https:\/\/www.termesmontbrio.com\/wp-content\/uploads\/2025\/08\/hotel-pet-friendly-montbrio-del-camp.webp\" \/>\n\t<meta property=\"og:image:width\" content=\"900\" \/>\n\t<meta property=\"og:image:height\" content=\"766\" \/>\n\t<meta property=\"og:image:type\" content=\"image\/webp\" \/>\n<meta name=\"twitter:card\" content=\"summary_large_image\" \/>\n<meta name=\"twitter:label1\" content=\"Temps estimat de lectura\" \/>\n\t<meta name=\"twitter:data1\" content=\"4 minuts\" \/>\n<script type=\"application\/ld+json\" class=\"yoast-schema-graph\">{\"@context\":\"https:\/\/schema.org\",\"@graph\":[{\"@type\":\"WebPage\",\"@id\":\"https:\/\/www.termesmontbrio.com\/ca\/hotel-pet-friendly-catalunya\/\",\"url\":\"https:\/\/www.termesmontbrio.com\/ca\/hotel-pet-friendly-catalunya\/\",\"name\":\"Hotel Pet Friendly Tarragona, Catalunya | Hotel Termes Montbri\u00f3\",\"isPartOf\":{\"@id\":\"https:\/\/www.termesmontbrio.com\/ca\/#website\"},\"primaryImageOfPage\":{\"@id\":\"https:\/\/www.termesmontbrio.com\/ca\/hotel-pet-friendly-catalunya\/#primaryimage\"},\"image\":{\"@id\":\"https:\/\/www.termesmontbrio.com\/ca\/hotel-pet-friendly-catalunya\/#primaryimage\"},\"thumbnailUrl\":\"https:\/\/www.termesmontbrio.com\/wp-content\/uploads\/2025\/08\/hotel-pet-friendly-montbrio-del-camp.webp\",\"datePublished\":\"2025-08-06T08:53:46+00:00\",\"dateModified\":\"2025-08-26T09:28:35+00:00\",\"description\":\"Descobreix Termes Montbri\u00f3, un hotel pet friendly a Tarragona, Catalunya amb spa, jardins i tot el confort per viure moments \u00fanics amb la teva mascota.\",\"breadcrumb\":{\"@id\":\"https:\/\/www.termesmontbrio.com\/ca\/hotel-pet-friendly-catalunya\/#breadcrumb\"},\"inLanguage\":\"ca\",\"potentialAction\":[{\"@type\":\"ReadAction\",\"target\":[\"https:\/\/www.termesmontbrio.com\/ca\/hotel-pet-friendly-catalunya\/\"]}]},{\"@type\":\"ImageObject\",\"inLanguage\":\"ca\",\"@id\":\"https:\/\/www.termesmontbrio.com\/ca\/hotel-pet-friendly-catalunya\/#primaryimage\",\"url\":\"https:\/\/www.termesmontbrio.com\/wp-content\/uploads\/2025\/08\/hotel-pet-friendly-montbrio-del-camp.webp\",\"contentUrl\":\"https:\/\/www.termesmontbrio.com\/wp-content\/uploads\/2025\/08\/hotel-pet-friendly-montbrio-del-camp.webp\",\"width\":900,\"height\":766},{\"@type\":\"BreadcrumbList\",\"@id\":\"https:\/\/www.termesmontbrio.com\/ca\/hotel-pet-friendly-catalunya\/#breadcrumb\",\"itemListElement\":[{\"@type\":\"ListItem\",\"position\":1,\"name\":\"Portada\",\"item\":\"https:\/\/www.termesmontbrio.com\/ca\/\"},{\"@type\":\"ListItem\",\"position\":2,\"name\":\"Hotel Pet Friendly Tarragona, Catalunya\"}]},{\"@type\":\"WebSite\",\"@id\":\"https:\/\/www.termesmontbrio.com\/ca\/#website\",\"url\":\"https:\/\/www.termesmontbrio.com\/ca\/\",\"name\":\"Hotel Termes Montbri\u00f3\",\"description\":\"\",\"potentialAction\":[{\"@type\":\"SearchAction\",\"target\":{\"@type\":\"EntryPoint\",\"urlTemplate\":\"https:\/\/www.termesmontbrio.com\/ca\/?s={search_term_string}\"},\"query-input\":{\"@type\":\"PropertyValueSpecification\",\"valueRequired\":true,\"valueName\":\"search_term_string\"}}],\"inLanguage\":\"ca\"}]}<\/script>\n<!-- \/ Yoast SEO plugin. -->","yoast_head_json":{"title":"Hotel Pet Friendly Tarragona, Catalunya | Hotel Termes Montbri\u00f3","description":"Descobreix Termes Montbri\u00f3, un hotel pet friendly a Tarragona, Catalunya amb spa, jardins i tot el confort per viure moments \u00fanics amb la teva mascota.","robots":{"index":"index","follow":"follow","max-snippet":"max-snippet:-1","max-image-preview":"max-image-preview:large","max-video-preview":"max-video-preview:-1"},"canonical":"https:\/\/www.termesmontbrio.com\/ca\/hotel-pet-friendly-catalunya\/","og_locale":"ca_ES","og_type":"article","og_title":"Hotel Pet Friendly Tarragona, Catalunya | Hotel Termes Montbri\u00f3","og_description":"Descobreix Termes Montbri\u00f3, un hotel pet friendly a Tarragona, Catalunya amb spa, jardins i tot el confort per viure moments \u00fanics amb la teva mascota.","og_url":"https:\/\/www.termesmontbrio.com\/ca\/hotel-pet-friendly-catalunya\/","og_site_name":"Hotel Termes Montbri\u00f3","article_modified_time":"2025-08-26T09:28:35+00:00","og_image":[{"width":900,"height":766,"url":"https:\/\/www.termesmontbrio.com\/wp-content\/uploads\/2025\/08\/hotel-pet-friendly-montbrio-del-camp.webp","type":"image\/webp"}],"twitter_card":"summary_large_image","twitter_misc":{"Temps estimat de lectura":"4 minuts"},"schema":{"@context":"https:\/\/schema.org","@graph":[{"@type":"WebPage","@id":"https:\/\/www.termesmontbrio.com\/ca\/hotel-pet-friendly-catalunya\/","url":"https:\/\/www.termesmontbrio.com\/ca\/hotel-pet-friendly-catalunya\/","name":"Hotel Pet Friendly Tarragona, Catalunya | Hotel Termes Montbri\u00f3","isPartOf":{"@id":"https:\/\/www.termesmontbrio.com\/ca\/#website"},"primaryImageOfPage":{"@id":"https:\/\/www.termesmontbrio.com\/ca\/hotel-pet-friendly-catalunya\/#primaryimage"},"image":{"@id":"https:\/\/www.termesmontbrio.com\/ca\/hotel-pet-friendly-catalunya\/#primaryimage"},"thumbnailUrl":"https:\/\/www.termesmontbrio.com\/wp-content\/uploads\/2025\/08\/hotel-pet-friendly-montbrio-del-camp.webp","datePublished":"2025-08-06T08:53:46+00:00","dateModified":"2025-08-26T09:28:35+00:00","description":"Descobreix Termes Montbri\u00f3, un hotel pet friendly a Tarragona, Catalunya amb spa, jardins i tot el confort per viure moments \u00fanics amb la teva mascota.","breadcrumb":{"@id":"https:\/\/www.termesmontbrio.com\/ca\/hotel-pet-friendly-catalunya\/#breadcrumb"},"inLanguage":"ca","potentialAction":[{"@type":"ReadAction","target":["https:\/\/www.termesmontbrio.com\/ca\/hotel-pet-friendly-catalunya\/"]}]},{"@type":"ImageObject","inLanguage":"ca","@id":"https:\/\/www.termesmontbrio.com\/ca\/hotel-pet-friendly-catalunya\/#primaryimage","url":"https:\/\/www.termesmontbrio.com\/wp-content\/uploads\/2025\/08\/hotel-pet-friendly-montbrio-del-camp.webp","contentUrl":"https:\/\/www.termesmontbrio.com\/wp-content\/uploads\/2025\/08\/hotel-pet-friendly-montbrio-del-camp.webp","width":900,"height":766},{"@type":"BreadcrumbList","@id":"https:\/\/www.termesmontbrio.com\/ca\/hotel-pet-friendly-catalunya\/#breadcrumb","itemListElement":[{"@type":"ListItem","position":1,"name":"Portada","item":"https:\/\/www.termesmontbrio.com\/ca\/"},{"@type":"ListItem","position":2,"name":"Hotel Pet Friendly Tarragona, Catalunya"}]},{"@type":"WebSite","@id":"https:\/\/www.termesmontbrio.com\/ca\/#website","url":"https:\/\/www.termesmontbrio.com\/ca\/","name":"Hotel Termes Montbri\u00f3","description":"","potentialAction":[{"@type":"SearchAction","target":{"@type":"EntryPoint","urlTemplate":"https:\/\/www.termesmontbrio.com\/ca\/?s={search_term_string}"},"query-input":{"@type":"PropertyValueSpecification","valueRequired":true,"valueName":"search_term_string"}}],"inLanguage":"ca"}]}},"_links":{"self":[{"href":"https:\/\/www.termesmontbrio.com\/ca\/wp-json\/wp\/v2\/pages\/4072","targetHints":{"allow":["GET"]}}],"collection":[{"href":"https:\/\/www.termesmontbrio.com\/ca\/wp-json\/wp\/v2\/pages"}],"about":[{"href":"https:\/\/www.termesmontbrio.com\/ca\/wp-json\/wp\/v2\/types\/page"}],"author":[{"embeddable":true,"href":"https:\/\/www.termesmontbrio.com\/ca\/wp-json\/wp\/v2\/users\/5"}],"replies":[{"embeddable":true,"href":"https:\/\/www.termesmontbrio.com\/ca\/wp-json\/wp\/v2\/comments?post=4072"}],"version-history":[{"count":0,"href":"https:\/\/www.termesmontbrio.com\/ca\/wp-json\/wp\/v2\/pages\/4072\/revisions"}],"wp:featuredmedia":[{"embeddable":true,"href":"https:\/\/www.termesmontbrio.com\/ca\/wp-json\/wp\/v2\/media\/4067"}],"wp:attachment":[{"href":"https:\/\/www.termesmontbrio.com\/ca\/wp-json\/wp\/v2\/media?parent=4072"}],"curies":[{"name":"wp","href":"https:\/\/api.w.org\/{rel}","templated":true}]}}